{"id":16351,"date":"2017-08-02T13:49:59","date_gmt":"2017-08-02T13:49:59","guid":{"rendered":"https:\/\/monshack.ca\/liens-utiles\/"},"modified":"2025-12-19T12:25:46","modified_gmt":"2025-12-19T16:25:46","slug":"useful-links","status":"publish","type":"page","link":"https:\/\/monshack.ca\/en\/useful-links\/","title":{"rendered":"Useful Links"},"content":{"rendered":"<p>[vc_row css_animation=&#8221;&#8221; row_type=&#8221;row&#8221; use_row_as_full_screen_section=&#8221;no&#8221; type=&#8221;grid&#8221; angled_section=&#8221;no&#8221; text_align=&#8221;left&#8221; background_image_as_pattern=&#8221;without_pattern&#8221; css=&#8221;.vc_custom_1502317732775{padding-top: 50px !important;padding-bottom: 45px !important;}&#8221;][vc_column][vc_column_text]<span style=\"font-weight: 400;\">Canadian a<\/span><span style=\"font-weight: 400;\">lliance on mental illness and mental health (ACMMSM) : <\/span><a href=\"http:\/\/www.camimh.ca\/fr\/\" target=\"_blank\" rel=\"noopener noreferrer\"><span style=\"font-weight: 400;\">http:\/\/www.camimh.ca\/fr\/<\/span><\/a><\/p>\n<p><span style=\"font-weight: 400;\">Espace alli\u00e9 : <a href=\"https:\/\/www.espaceallie.org\/\" target=\"_blank\" rel=\"noopener\">Espace Alli\u00e9<\/a><\/span><\/p>\n<p><span style=\"font-weight: 400;\">Canadian Alliance on Mental Illness and Mental Health (CAMIMH)\u00a0: <\/span><a href=\"http:\/\/www.camimh.ca\/\" target=\"_blank\" rel=\"noopener noreferrer\"><span style=\"font-weight: 400;\">http:\/\/www.camimh.ca\/<\/span><\/a><\/p>\n<p><span style=\"font-weight: 400;\">Centre for Studies on Human Stress (CSHS) : <a href=\"https:\/\/humanstress.ca\/\">Home &#8211; CESH \/ CSHS (humanstress.ca)<\/a><\/span><\/p>\n<p><span style=\"font-weight: 400;\">Centre l\u2019\u00c9lan, therapeutic intervention resource : <a href=\"https:\/\/centrelelan.org\/accueil\/english\/\" target=\"_blank\" rel=\"noopener\">About Us | Centre L\u2019\u00c9lan \u2013 Mental Health and Art Therapy in Magog<\/a><\/span><\/p>\n<p><span style=\"font-weight: 400;\">Mental Health Commission of Canada : <a href=\"https:\/\/www.mentalhealthcommission.ca\/English\">Home | Mental Health Commission of Canada<\/a><\/span><\/p>\n<p><span style=\"font-weight: 400;\">Advice and Prevention on drugs : <a href=\"https:\/\/www.quebec.ca\/en\/health\/advice-and-prevention\/\">Advice and Prevention &#8211; Health | Gouvernement du Qu\u00e9bec (quebec.ca)<\/a><\/span><\/p>\n<p><span style=\"font-weight: 400;\">Crest Bipolar Disorder : <\/span><a href=\"http:\/\/www.crestbd.ca\/\" target=\"_blank\" rel=\"noopener noreferrer\"><span style=\"font-weight: 400;\">http:\/\/www.crestbd.ca\/<\/span><\/a><\/p>\n<p><span style=\"font-weight: 400;\">Heads up Guys\u00a0: <\/span><a href=\"https:\/\/headsupguys.org\/\" target=\"_blank\" rel=\"noopener noreferrer\"><span style=\"font-weight: 400;\">https:\/\/headsupguys.org\/<\/span><\/a><\/p>\n<p><span style=\"font-weight: 400;\">JEVI Suicidal Prevention Center \u2013 Estrie : <a href=\"http:\/\/www.jevi.qc.ca\/\" target=\"_blank\" rel=\"noopener noreferrer\">http:\/\/www.jevi.qc.ca\/<\/a><\/span><\/p>\n<p><span style=\"font-weight: 400;\">La Cord\u00e9e, alternative resource in mental health : <\/span><a href=\"http:\/\/www.lacordeerasm.org\/\" target=\"_blank\" rel=\"noopener noreferrer\"><span style=\"font-weight: 400;\">http:\/\/www.lacordeerasm.org\/<\/span><\/a><\/p>\n<p><span style=\"font-weight: 400;\">La Crois\u00e9e des sentiers, community resource in mental health : <\/span><a href=\"http:\/\/lacroiseedessentiers.com\/\" target=\"_blank\" rel=\"noopener noreferrer\"><span style=\"font-weight: 400;\">http:\/\/lacroiseedessentiers.com\/<\/span><\/a><\/p>\n<p><span style=\"font-weight: 400;\">L\u2019Autre Rive\u00a0: <\/span><a href=\"http:\/\/www.autre-rive.ca\/\" target=\"_blank\" rel=\"noopener noreferrer\"><span style=\"font-weight: 400;\">http:\/\/www.autre-rive.ca\/<\/span><\/a><\/p>\n<p><span style=\"font-weight: 400;\">L\u2019\u00c9veil, community resource in mental health : <\/span><a href=\"http:\/\/eveilcoaticook.ca\/\" target=\"_blank\" rel=\"noopener noreferrer\"><span style=\"font-weight: 400;\">http:\/\/eveilcoaticook.ca\/<\/span><\/a><\/p>\n<p><span style=\"font-weight: 400;\">Mental Health Commission of Canada\u00a0: <\/span><a href=\"http:\/\/www.mentalhealthcommission.ca\/English\" target=\"_blank\" rel=\"noopener noreferrer\"><span style=\"font-weight: 400;\">http:\/\/www.mentalhealthcommission.ca\/English<\/span><\/a><\/p>\n<p><span style=\"font-weight: 400;\">Mental Health Estrie (MHE)\u00a0: <\/span><a href=\"http:\/\/mentalhealthestrie.com\/\" target=\"_blank\" rel=\"noopener noreferrer\"><span style=\"font-weight: 400;\">http:\/\/mentalhealthestrie.com\/<\/span><\/a><\/p>\n<p>Mouvement Sant\u00e9 Mentale Qu\u00e9bec : <a href=\"https:\/\/mouvementsmq.ca\/\">Mouvement SMQ | Ressource en promotion de la sant\u00e9 mentale<\/a><\/p>\n<p><span style=\"font-weight: 400;\">Ordre des psychologues du Qu\u00e9bec\u00a0: <\/span><a href=\"https:\/\/www.ordrepsy.qc.ca\/\" target=\"_blank\" rel=\"noopener noreferrer\"><span style=\"font-weight: 400;\">https:\/\/www.ordrepsy.qc.ca\/<\/span><\/a><\/p>\n<p><span style=\"font-weight: 400;\">Partners for menthal health\u00a0: <\/span><a href=\"http:\/\/www.partnersformh.ca\/\" target=\"_blank\" rel=\"noopener noreferrer\"><span style=\"font-weight: 400;\">http:\/\/www.partnersformh.ca\/<\/span><\/a><\/p>\n<p><span style=\"font-weight: 400;\">Pro-Def Estrie\u00a0: <\/span><a href=\"http:\/\/prodefestrie.qc.ca\/\" target=\"_blank\" rel=\"noopener noreferrer\"><span style=\"font-weight: 400;\">http:\/\/prodefestrie.qc.ca\/<\/span><\/a><\/p>\n<p><span style=\"font-weight: 400;\">Relief : <a href=\"https:\/\/relief.ca\/relief-1\/home\" target=\"_blank\" rel=\"noopener\">Relief | Living with anxiety, depression, and bipolarity<\/a><\/span><\/p>\n<p><span style=\"font-weight: 400;\">Schizophrenia Society of Canada\u00a0: <\/span><a href=\"http:\/\/www.schizophrenia.ca\/\" target=\"_blank\" rel=\"noopener noreferrer\"><span style=\"font-weight: 400;\">http:\/\/www.schizophrenia.ca\/<\/span><\/a><\/p>\n<p><span style=\"font-weight: 400;\">\u00c9coute Estrie : <a href=\"https:\/\/ecouteestrie.com\/\" target=\"_blank\" rel=\"noopener\">Ligne d\u2019\u00e9coute Estrie | Formations sur mesure en entreprise \u2014 \u00c9coute Estrie<\/a><\/span><\/p>\n<p><span style=\"font-weight: 400;\">Soci\u00e9t\u00e9 Qu\u00e9b\u00e9coise de la Schizophr\u00e9nie (SQS)\u00a0: <\/span><a href=\"http:\/\/www.schizophrenie.qc.ca\/\" target=\"_blank\" rel=\"noopener noreferrer\"><span style=\"font-weight: 400;\">http:\/\/www.schizophrenie.qc.ca\/<\/span><\/a><\/p>\n<p><span style=\"font-weight: 400;\">TDAH Estrie\u00a0: <\/span><a href=\"http:\/\/www.tdahestrie.org\/\" target=\"_blank\" rel=\"noopener noreferrer\"><span style=\"font-weight: 400;\">http:\/\/www.tdahestrie.org\/<\/span><\/a>[\/vc_column_text][\/vc_column][\/vc_row]<\/p>\n","protected":false},"excerpt":{"rendered":"<p>[vc_row css_animation=&#8221;&#8221; row_type=&#8221;row&#8221; use_row_as_full_screen_section=&#8221;no&#8221; type=&#8221;grid&#8221; angled_section=&#8221;no&#8221; text_align=&#8221;left&#8221; background_image_as_pattern=&#8221;without_pattern&#8221; css=&#8221;.vc_custom_1502317732775{padding-top: 50px !important;padding-bottom: 45px !important;}&#8221;][vc_column][vc_column_text]Canadian alliance on mental illness and mental health (ACMMSM) : http:\/\/www.camimh.ca\/fr\/ Espace alli\u00e9 : Espace Alli\u00e9 Canadian Alliance on Mental Illness and Mental Health (CAMIMH)\u00a0: http:\/\/www.camimh.ca\/ Centre for Studies on Human Stress (CSHS)&#8230;<\/p>\n","protected":false},"author":1,"featured_media":0,"parent":0,"menu_order":0,"comment_status":"closed","ping_status":"closed","template":"full_width.php","meta":{"_wp_convertkit_post_meta":{"form":"-1","landing_page":"0","tag":"0","restrict_content":"0"},"footnotes":""},"class_list":["post-16351","page","type-page","status-publish","hentry"],"yoast_head":"<!-- This site is optimized with the Yoast SEO plugin v27.5 - https:\/\/yoast.com\/product\/yoast-seo-wordpress\/ -->\n<title>Useful Links - Mon Shack... Mes choix... Mon avenir!<\/title>\n<meta name=\"description\" content=\"Looking for mental health services? Discover resources and organizations available to support your mental health needs.\" \/>\n<meta name=\"robots\" content=\"index, follow, max-snippet:-1, max-image-preview:large, max-video-preview:-1\" \/>\n<link rel=\"canonical\" href=\"https:\/\/monshack.ca\/en\/useful-links\/\" \/>\n<meta property=\"og:locale\" content=\"en_US\" \/>\n<meta property=\"og:type\" content=\"article\" \/>\n<meta property=\"og:title\" content=\"Useful Links - Mon Shack... Mes choix... Mon avenir!\" \/>\n<meta property=\"og:description\" content=\"Looking for mental health services? Discover resources and organizations available to support your mental health needs.\" \/>\n<meta property=\"og:url\" content=\"https:\/\/monshack.ca\/en\/useful-links\/\" \/>\n<meta property=\"og:site_name\" content=\"Mon Shack... Mes choix... Mon avenir!\" \/>\n<meta property=\"article:publisher\" content=\"https:\/\/www.facebook.com\/Mon.Shack.mes.choix.mon.avenir\/\" \/>\n<meta property=\"article:modified_time\" content=\"2025-12-19T16:25:46+00:00\" \/>\n<meta name=\"twitter:card\" content=\"summary_large_image\" \/>\n<meta name=\"twitter:site\" content=\"@mon_shack\" \/>\n<meta name=\"twitter:label1\" content=\"Est. reading time\" \/>\n\t<meta name=\"twitter:data1\" content=\"2 minutes\" \/>\n<script type=\"application\/ld+json\" class=\"yoast-schema-graph\">{\"@context\":\"https:\\\/\\\/schema.org\",\"@graph\":[{\"@type\":\"WebPage\",\"@id\":\"https:\\\/\\\/monshack.ca\\\/en\\\/useful-links\\\/\",\"url\":\"https:\\\/\\\/monshack.ca\\\/en\\\/useful-links\\\/\",\"name\":\"Useful Links - Mon Shack... Mes choix... Mon avenir!\",\"isPartOf\":{\"@id\":\"https:\\\/\\\/monshack.ca\\\/#website\"},\"datePublished\":\"2017-08-02T13:49:59+00:00\",\"dateModified\":\"2025-12-19T16:25:46+00:00\",\"description\":\"Looking for mental health services? Discover resources and organizations available to support your mental health needs.\",\"breadcrumb\":{\"@id\":\"https:\\\/\\\/monshack.ca\\\/en\\\/useful-links\\\/#breadcrumb\"},\"inLanguage\":\"en-US\",\"potentialAction\":[{\"@type\":\"ReadAction\",\"target\":[\"https:\\\/\\\/monshack.ca\\\/en\\\/useful-links\\\/\"]}]},{\"@type\":\"BreadcrumbList\",\"@id\":\"https:\\\/\\\/monshack.ca\\\/en\\\/useful-links\\\/#breadcrumb\",\"itemListElement\":[{\"@type\":\"ListItem\",\"position\":1,\"name\":\"Accueil\",\"item\":\"https:\\\/\\\/monshack.ca\\\/en\\\/15995-2-2\\\/\"},{\"@type\":\"ListItem\",\"position\":2,\"name\":\"Useful Links\"}]},{\"@type\":\"WebSite\",\"@id\":\"https:\\\/\\\/monshack.ca\\\/#website\",\"url\":\"https:\\\/\\\/monshack.ca\\\/\",\"name\":\"Mon Shack... Mes choix... Mon avenir!\",\"description\":\"Mon Shack... Mes choix... Mon avenir!\",\"publisher\":{\"@id\":\"https:\\\/\\\/monshack.ca\\\/#organization\"},\"potentialAction\":[{\"@type\":\"SearchAction\",\"target\":{\"@type\":\"EntryPoint\",\"urlTemplate\":\"https:\\\/\\\/monshack.ca\\\/?s={search_term_string}\"},\"query-input\":{\"@type\":\"PropertyValueSpecification\",\"valueRequired\":true,\"valueName\":\"search_term_string\"}}],\"inLanguage\":\"en-US\"},{\"@type\":\"Organization\",\"@id\":\"https:\\\/\\\/monshack.ca\\\/#organization\",\"name\":\"Mon Shack... Mes choix... Mon avenir!\",\"url\":\"https:\\\/\\\/monshack.ca\\\/\",\"logo\":{\"@type\":\"ImageObject\",\"inLanguage\":\"en-US\",\"@id\":\"https:\\\/\\\/monshack.ca\\\/#\\\/schema\\\/logo\\\/image\\\/\",\"url\":\"https:\\\/\\\/monshack.ca\\\/wp-content\\\/uploads\\\/2025\\\/06\\\/MonShack-RGB-Fond-blanc-2-scaled.jpg\",\"contentUrl\":\"https:\\\/\\\/monshack.ca\\\/wp-content\\\/uploads\\\/2025\\\/06\\\/MonShack-RGB-Fond-blanc-2-scaled.jpg\",\"width\":2560,\"height\":943,\"caption\":\"Mon Shack... Mes choix... Mon avenir!\"},\"image\":{\"@id\":\"https:\\\/\\\/monshack.ca\\\/#\\\/schema\\\/logo\\\/image\\\/\"},\"sameAs\":[\"https:\\\/\\\/www.facebook.com\\\/Mon.Shack.mes.choix.mon.avenir\\\/\",\"https:\\\/\\\/x.com\\\/mon_shack\",\"https:\\\/\\\/www.instagram.com\\\/monshackmeschoixmonavenir\\\/\"]}]}<\/script>\n<!-- \/ Yoast SEO plugin. -->","yoast_head_json":{"title":"Useful Links - Mon Shack... Mes choix... Mon avenir!","description":"Looking for mental health services? Discover resources and organizations available to support your mental health needs.","robots":{"index":"index","follow":"follow","max-snippet":"max-snippet:-1","max-image-preview":"max-image-preview:large","max-video-preview":"max-video-preview:-1"},"canonical":"https:\/\/monshack.ca\/en\/useful-links\/","og_locale":"en_US","og_type":"article","og_title":"Useful Links - Mon Shack... Mes choix... Mon avenir!","og_description":"Looking for mental health services? Discover resources and organizations available to support your mental health needs.","og_url":"https:\/\/monshack.ca\/en\/useful-links\/","og_site_name":"Mon Shack... Mes choix... Mon avenir!","article_publisher":"https:\/\/www.facebook.com\/Mon.Shack.mes.choix.mon.avenir\/","article_modified_time":"2025-12-19T16:25:46+00:00","twitter_card":"summary_large_image","twitter_site":"@mon_shack","twitter_misc":{"Est. reading time":"2 minutes"},"schema":{"@context":"https:\/\/schema.org","@graph":[{"@type":"WebPage","@id":"https:\/\/monshack.ca\/en\/useful-links\/","url":"https:\/\/monshack.ca\/en\/useful-links\/","name":"Useful Links - Mon Shack... Mes choix... Mon avenir!","isPartOf":{"@id":"https:\/\/monshack.ca\/#website"},"datePublished":"2017-08-02T13:49:59+00:00","dateModified":"2025-12-19T16:25:46+00:00","description":"Looking for mental health services? Discover resources and organizations available to support your mental health needs.","breadcrumb":{"@id":"https:\/\/monshack.ca\/en\/useful-links\/#breadcrumb"},"inLanguage":"en-US","potentialAction":[{"@type":"ReadAction","target":["https:\/\/monshack.ca\/en\/useful-links\/"]}]},{"@type":"BreadcrumbList","@id":"https:\/\/monshack.ca\/en\/useful-links\/#breadcrumb","itemListElement":[{"@type":"ListItem","position":1,"name":"Accueil","item":"https:\/\/monshack.ca\/en\/15995-2-2\/"},{"@type":"ListItem","position":2,"name":"Useful Links"}]},{"@type":"WebSite","@id":"https:\/\/monshack.ca\/#website","url":"https:\/\/monshack.ca\/","name":"Mon Shack... Mes choix... Mon avenir!","description":"Mon Shack... Mes choix... Mon avenir!","publisher":{"@id":"https:\/\/monshack.ca\/#organization"},"potentialAction":[{"@type":"SearchAction","target":{"@type":"EntryPoint","urlTemplate":"https:\/\/monshack.ca\/?s={search_term_string}"},"query-input":{"@type":"PropertyValueSpecification","valueRequired":true,"valueName":"search_term_string"}}],"inLanguage":"en-US"},{"@type":"Organization","@id":"https:\/\/monshack.ca\/#organization","name":"Mon Shack... Mes choix... Mon avenir!","url":"https:\/\/monshack.ca\/","logo":{"@type":"ImageObject","inLanguage":"en-US","@id":"https:\/\/monshack.ca\/#\/schema\/logo\/image\/","url":"https:\/\/monshack.ca\/wp-content\/uploads\/2025\/06\/MonShack-RGB-Fond-blanc-2-scaled.jpg","contentUrl":"https:\/\/monshack.ca\/wp-content\/uploads\/2025\/06\/MonShack-RGB-Fond-blanc-2-scaled.jpg","width":2560,"height":943,"caption":"Mon Shack... Mes choix... Mon avenir!"},"image":{"@id":"https:\/\/monshack.ca\/#\/schema\/logo\/image\/"},"sameAs":["https:\/\/www.facebook.com\/Mon.Shack.mes.choix.mon.avenir\/","https:\/\/x.com\/mon_shack","https:\/\/www.instagram.com\/monshackmeschoixmonavenir\/"]}]}},"_links":{"self":[{"href":"https:\/\/monshack.ca\/en\/wp-json\/wp\/v2\/pages\/16351","targetHints":{"allow":["GET"]}}],"collection":[{"href":"https:\/\/monshack.ca\/en\/wp-json\/wp\/v2\/pages"}],"about":[{"href":"https:\/\/monshack.ca\/en\/wp-json\/wp\/v2\/types\/page"}],"author":[{"embeddable":true,"href":"https:\/\/monshack.ca\/en\/wp-json\/wp\/v2\/users\/1"}],"replies":[{"embeddable":true,"href":"https:\/\/monshack.ca\/en\/wp-json\/wp\/v2\/comments?post=16351"}],"version-history":[{"count":8,"href":"https:\/\/monshack.ca\/en\/wp-json\/wp\/v2\/pages\/16351\/revisions"}],"predecessor-version":[{"id":26543,"href":"https:\/\/monshack.ca\/en\/wp-json\/wp\/v2\/pages\/16351\/revisions\/26543"}],"wp:attachment":[{"href":"https:\/\/monshack.ca\/en\/wp-json\/wp\/v2\/media?parent=16351"}],"curies":[{"name":"wp","href":"https:\/\/api.w.org\/{rel}","templated":true}]}}